{"id":907,"date":"2014-08-16T10:21:01","date_gmt":"2014-08-16T13:21:01","guid":{"rendered":"http:\/\/professor.norton.net.br\/?page_id=907"},"modified":"2014-08-16T10:21:01","modified_gmt":"2014-08-16T13:21:01","slug":"apostilas","status":"publish","type":"page","link":"https:\/\/professor.norton.net.br\/index.php\/apostilas\/","title":{"rendered":"Apostilas"},"content":{"rendered":"<p><a href=\"https:\/\/professor.norton.net.br\/wp-content\/uploads\/2014\/08\/apostilacpp.pdf\">Apostila de Introdu\u00e7\u00e3o ao C++<\/a><\/p>\n<p><a href=\"https:\/\/professor.norton.net.br\/wp-content\/uploads\/2014\/08\/manualdevcpp.pdf\">Manual de utiliza\u00e7\u00e3o do Dev C++<\/a><\/p>\n<p><a href=\"https:\/\/professor.norton.net.br\/wp-content\/uploads\/2015\/05\/Apostila-SQL.pdf\">Apostila-SQL<\/a><\/p>\n<p><a href=\"https:\/\/professor.norton.net.br\/wp-content\/uploads\/2018\/04\/mysqlworkbench.pptx\">Usando e conectando mysql workbench<\/a><\/p>\n<p><a href=\"https:\/\/professor.norton.net.br\/wp-content\/uploads\/2015\/03\/PHP01.pptx\">Apostila PHP<\/a><br \/>\n<a href=\"https:\/\/professor.norton.net.br\/wp-content\/uploads\/2015\/04\/fw08_exemplo.rar\">Exemplo PHP 1<\/a><br \/>\n<a href=\"https:\/\/professor.norton.net.br\/wp-content\/uploads\/2015\/05\/fw11.rar\">Exemplo PHP 2<\/a><br \/>\n<a href=\"https:\/\/professor.norton.net.br\/wp-content\/uploads\/2016\/10\/fw09_exemplo.rar\">Exemplo PHP 3<\/a><br \/>\n<a href=\"https:\/\/professor.norton.net.br\/wp-content\/uploads\/2016\/10\/fw09_exemplo2.rar\">Exemplo PHP 4<\/a><br \/>\n<a href=\"https:\/\/professor.norton.net.br\/wp-content\/uploads\/2014\/10\/fw08.rar\">Exemplo PHP 5<\/a><br \/>\n<a href=\"https:\/\/professor.norton.net.br\/wp-content\/uploads\/2017\/05\/crud.rar\">Exemplo PHP 6<\/a><br \/>\n<a href=\"https:\/\/professor.norton.net.br\/wp-content\/uploads\/2016\/05\/exemplo11.rar\">Exemplo PHP 7<\/a><br \/>\n<a href=\"https:\/\/professor.norton.net.br\/wp-content\/uploads\/2017\/11\/fw12_exemplo.rar\">Exemplo PHP 8<\/a><\/p>\n","protected":false},"excerpt":{"rendered":"<p>Apostila de Introdu\u00e7\u00e3o ao C++ Manual de utiliza\u00e7\u00e3o do Dev C++ Apostila-SQL Usando e conectando mysql workbench Apostila PHP Exemplo PHP 1 Exemplo PHP 2 Exemplo PHP 3 Exemplo PHP 4 Exemplo PHP 5 Exemplo PHP 6 Exemplo PHP 7 Exemplo PHP 8<\/p>\n","protected":false},"author":1,"featured_media":0,"parent":0,"menu_order":0,"comment_status":"closed","ping_status":"closed","template":"","meta":{"om_disable_all_campaigns":false,"_monsterinsights_skip_tracking":false,"_monsterinsights_sitenote_active":false,"_monsterinsights_sitenote_note":"","_monsterinsights_sitenote_category":0,"footnotes":""},"class_list":["post-907","page","type-page","status-publish","hentry"],"_links":{"self":[{"href":"https:\/\/professor.norton.net.br\/index.php\/wp-json\/wp\/v2\/pages\/907","targetHints":{"allow":["GET"]}}],"collection":[{"href":"https:\/\/professor.norton.net.br\/index.php\/wp-json\/wp\/v2\/pages"}],"about":[{"href":"https:\/\/professor.norton.net.br\/index.php\/wp-json\/wp\/v2\/types\/page"}],"author":[{"embeddable":true,"href":"https:\/\/professor.norton.net.br\/index.php\/wp-json\/wp\/v2\/users\/1"}],"replies":[{"embeddable":true,"href":"https:\/\/professor.norton.net.br\/index.php\/wp-json\/wp\/v2\/comments?post=907"}],"version-history":[{"count":0,"href":"https:\/\/professor.norton.net.br\/index.php\/wp-json\/wp\/v2\/pages\/907\/revisions"}],"wp:attachment":[{"href":"https:\/\/professor.norton.net.br\/index.php\/wp-json\/wp\/v2\/media?parent=907"}],"curies":[{"name":"wp","href":"https:\/\/api.w.org\/{rel}","templated":true}]}}