{"id":817,"date":"2014-08-02T10:41:12","date_gmt":"2014-08-02T13:41:12","guid":{"rendered":"http:\/\/professor.norton.net.br\/?page_id=817"},"modified":"2014-08-02T10:41:12","modified_gmt":"2014-08-02T13:41:12","slug":"links","status":"publish","type":"page","link":"https:\/\/professor.norton.net.br\/index.php\/links\/","title":{"rendered":"Links"},"content":{"rendered":"<h3>Cursos Free<\/h3>\n<p><a href=\"https:\/\/www.udemy.com\/course\/git-e-github-para-iniciantes\/\">https:\/\/www.udemy.com\/course\/git-e-github-para-iniciantes\/<\/a><\/p>\n<p><a href=\"https:\/\/www.udemy.com\/course\/git-para-iniciantes\/\">https:\/\/www.udemy.com\/course\/git-para-iniciantes\/<\/a><\/p>\n<p>&nbsp;<\/p>\n<h3>Ranking de Tecnologias<\/h3>\n<p><a href=\"https:\/\/insights.stackoverflow.com\/survey\/2017#most-popular-technologies\">most popular technologies 2017<\/a><\/p>\n<p>&nbsp;<\/p>\n<p><a href=\"http:\/\/www.tiobe.com\/index.php\/content\/paperinfo\/tpci\/index.html\">\u00cdndice Tiobe &#8211; lista das linguagens de programa\u00e7\u00e3o mais comentadas e pesquisadas na internet<\/a><\/p>\n<p>&nbsp;<\/p>\n","protected":false},"excerpt":{"rendered":"<p>Cursos Free https:\/\/www.udemy.com\/course\/git-e-github-para-iniciantes\/ https:\/\/www.udemy.com\/course\/git-para-iniciantes\/ &nbsp; Ranking de Tecnologias most popular technologies 2017 &nbsp; \u00cdndice Tiobe &#8211; lista das linguagens de programa\u00e7\u00e3o mais comentadas e pesquisadas na internet &nbsp;<\/p>\n","protected":false},"author":1,"featured_media":0,"parent":0,"menu_order":0,"comment_status":"closed","ping_status":"closed","template":"","meta":{"om_disable_all_campaigns":false,"_monsterinsights_skip_tracking":false,"_monsterinsights_sitenote_active":false,"_monsterinsights_sitenote_note":"","_monsterinsights_sitenote_category":0,"footnotes":""},"class_list":["post-817","page","type-page","status-publish","hentry"],"_links":{"self":[{"href":"https:\/\/professor.norton.net.br\/index.php\/wp-json\/wp\/v2\/pages\/817","targetHints":{"allow":["GET"]}}],"collection":[{"href":"https:\/\/professor.norton.net.br\/index.php\/wp-json\/wp\/v2\/pages"}],"about":[{"href":"https:\/\/professor.norton.net.br\/index.php\/wp-json\/wp\/v2\/types\/page"}],"author":[{"embeddable":true,"href":"https:\/\/professor.norton.net.br\/index.php\/wp-json\/wp\/v2\/users\/1"}],"replies":[{"embeddable":true,"href":"https:\/\/professor.norton.net.br\/index.php\/wp-json\/wp\/v2\/comments?post=817"}],"version-history":[{"count":0,"href":"https:\/\/professor.norton.net.br\/index.php\/wp-json\/wp\/v2\/pages\/817\/revisions"}],"wp:attachment":[{"href":"https:\/\/professor.norton.net.br\/index.php\/wp-json\/wp\/v2\/media?parent=817"}],"curies":[{"name":"wp","href":"https:\/\/api.w.org\/{rel}","templated":true}]}}