{"id":67,"date":"2013-09-02T11:14:58","date_gmt":"2013-09-02T11:14:58","guid":{"rendered":"http:\/\/professor.norton.net.br\/?page_id=67"},"modified":"2013-09-02T11:14:58","modified_gmt":"2013-09-02T11:14:58","slug":"67-2","status":"publish","type":"page","link":"https:\/\/professor.norton.net.br\/index.php\/67-2\/","title":{"rendered":"TCC"},"content":{"rendered":"<h3>Documentos<\/h3>\n<ol>\n<li><a href=\"https:\/\/professor.norton.net.br\/wp-content\/uploads\/2013\/09\/documentos_tcc.zip\">Vinculo de Orienta\u00e7\u00e3o e Relat\u00f3rio<\/a><\/li>\n<li><a href=\"http:\/\/fatecipiranga.hospedagemdesites.ws\/cursos\/analise-de-desenvolvimento-de-sistemas\/material-complementar-analise-e-desenvolvimento-de-sistemas\">Outros documentos e modelos<\/a><\/li>\n<\/ol>\n<h3><span style=\"font-size: 1.142857143rem; line-height: 1.846153846;\">Softwares de Apoio<\/span><\/h3>\n<ol>\n<li><a href=\"http:\/\/www.monografando.com.br\/normas-abnt\/\">Monografando &#8211; software nacional que auxilia a composi\u00e7\u00e3o das \u00e1reas da monografia<\/a><\/li>\n<li><a href=\"http:\/\/www.mendeley.com\/\">Mendeley &#8211; software para gerenciamento de referencias bibliogr\u00e1ficas<\/a><\/li>\n<\/ol>\n<p>&nbsp;<\/p>\n<p><object id=\"aa08999a-293a-86a4-d829-19b3999bab83\" type=\"application\/gas-events-abn\" width=\"0\" height=\"0\"><\/object><\/p>\n","protected":false},"excerpt":{"rendered":"<p>Documentos Vinculo de Orienta\u00e7\u00e3o e Relat\u00f3rio Outros documentos e modelos Softwares de Apoio Monografando &#8211; software nacional que auxilia a composi\u00e7\u00e3o das \u00e1reas da monografia Mendeley &#8211; software para gerenciamento de referencias bibliogr\u00e1ficas &nbsp;<\/p>\n","protected":false},"author":1,"featured_media":0,"parent":0,"menu_order":0,"comment_status":"open","ping_status":"open","template":"","meta":{"om_disable_all_campaigns":false,"_monsterinsights_skip_tracking":false,"_monsterinsights_sitenote_active":false,"_monsterinsights_sitenote_note":"","_monsterinsights_sitenote_category":0,"footnotes":""},"class_list":["post-67","page","type-page","status-publish","hentry"],"_links":{"self":[{"href":"https:\/\/professor.norton.net.br\/index.php\/wp-json\/wp\/v2\/pages\/67","targetHints":{"allow":["GET"]}}],"collection":[{"href":"https:\/\/professor.norton.net.br\/index.php\/wp-json\/wp\/v2\/pages"}],"about":[{"href":"https:\/\/professor.norton.net.br\/index.php\/wp-json\/wp\/v2\/types\/page"}],"author":[{"embeddable":true,"href":"https:\/\/professor.norton.net.br\/index.php\/wp-json\/wp\/v2\/users\/1"}],"replies":[{"embeddable":true,"href":"https:\/\/professor.norton.net.br\/index.php\/wp-json\/wp\/v2\/comments?post=67"}],"version-history":[{"count":0,"href":"https:\/\/professor.norton.net.br\/index.php\/wp-json\/wp\/v2\/pages\/67\/revisions"}],"wp:attachment":[{"href":"https:\/\/professor.norton.net.br\/index.php\/wp-json\/wp\/v2\/media?parent=67"}],"curies":[{"name":"wp","href":"https:\/\/api.w.org\/{rel}","templated":true}]}}